

{"id":83,"date":"2021-10-26T23:51:37","date_gmt":"2021-10-26T20:51:37","guid":{"rendered":"https:\/\/travelvelo.lv\/?page_id=83"},"modified":"2022-02-07T00:40:37","modified_gmt":"2022-02-06T21:40:37","slug":"karte","status":"publish","type":"page","link":"https:\/\/travelvelo.lv\/en\/karte\/","title":{"rendered":"Karte"},"content":{"rendered":"<p>Velomar\u0161rutu karte <a href=\"https:\/\/travelvelo.lv\/en\/latvija\/\">Latvij\u0101<\/a> un <a href=\"https:\/\/travelvelo.lv\/en\/eiropa\/\">Eirop\u0101<\/a>. Atrodi savu n\u0101kamo veloce\u013cojumu kart\u0113, vai apskati visus mar\u0161rutus <a href=\"https:\/\/travelvelo.lv\/en\/latvija\/kurzeme\/\">Kurzem\u0113<\/a>, <a href=\"https:\/\/travelvelo.lv\/en\/latvija\/latgale\/\">Latgal\u0113<\/a>, <a href=\"https:\/\/travelvelo.lv\/en\/latvija\/vidzeme\/\">Vidzem\u0113<\/a> un <a href=\"https:\/\/travelvelo.lv\/en\/latvija\/zemgale\/\">Zemgal\u0113.<\/a> Katram mar\u0161rutam pievienota lejupiel\u0101d\u0113jama vai Strava pievienojama karte, k\u0101 ar\u012b apraksts, foto un video.<\/p>\n\n\n\n\n\n\t\t\t\t<div id=\"map_ol3js_1\" class=\"map undefined\" data-map_name=\"undefined\" data-map=\"map_ol3js_1\" style=\"width:100%; max-width:100%; height:650px; display:block; overflow:hidden;border:thin solid grey;\" >\n\t\t\t\t  <div id=\"map_ol3js_1_popup\" class=\"ol-popup\" >\n\t\t\t\t\t<a href=\"#\" id=\"map_ol3js_1_popup-closer\" class=\"ol-popup-closer\"><\/a>\n\t\t\t\t\t<div id=\"map_ol3js_1_popup-content\" ><\/div>\n\t\t\t\t  <\/div>\n\t\t\t\t<\/div>\n\t\t\t\n\n\t\t\t\t<script type=\"text\/javascript\">\n\t\t\t\t\ttranslations['openlayer'] = \"open layer\";\n\t\t\t\t\ttranslations['openlayerAtStartup'] = \"open layer at startup\";\n\t\t\t\t\ttranslations['generateLink'] = \"link to this map with opened layers\";\n\t\t\t\t\ttranslations['shortDescription'] = \"short description\";\n\t\t\t\t\ttranslations['generatedShortCode'] = \"to get a text control link paste this code in your wordpress editor\";\n\t\t\t\t\ttranslations['closeLayer'] = \"close layer\";\n\t\t\t\t\ttranslations['cantGenerateLink'] = \"put this string in the existing map short code to control this map\";\n\t\t\t  <\/script>\n\n\n\t\t\t  <script type=\"text\/javascript\">\n\t\t\t  vectorM['map_ol3js_1'] = [];\n\t        \n        var raster = getTileLayer(\"osm\",\"NoKey\");\t\t\t\n\n\t\t\t  var map_ol3js_1 = new ol.Map({\n\t\t\t\tinteractions: ol.interaction.defaults.defaults({mouseWheelZoom:false}),\n\t\t\t\tlayers: [raster],\n\t\t\t\ttarget: \"map_ol3js_1\",\n\t\t\t\tview: new ol.View({\n\t\t\t\t  center: ol.proj.transform([23.1288,56.9801], \"EPSG:4326\", \"EPSG:3857\"),\n\t\t\t\t  zoom: 7.0\n\t\t\t\t})\n\t\t\t  });\n\t\t\t  var vectorMarkerSource = new ol.source.Vector({});\n\t\t\t\t  var iconFeature0 = new ol.Feature({\n\t\t\t\t    geometry: new ol.geom.Point(\n\t\t\t\t    ol.proj.transform([20.3898,60.0293], \"EPSG:4326\", \"EPSG:3857\")),\n\t\t\t\t    name: \"<a href=\\\"https:\/\/travelvelo.lv\/en\/eiropa\/alandu-salas-pirma-diena\/\\\">\u0100landu salas &#8211; pirm\u0101 diena<\/a><br>\"\n\t\t\t\t  });\n\t\t\t\t  vectorMarkerSource.addFeature(iconFeature0);\n\t\t\t   \n\t\t\t\t  var iconFeature1 = new ol.Feature({\n\t\t\t\t    geometry: new ol.geom.Point(\n\t\t\t\t    ol.proj.transform([20.2355,60.2123], \"EPSG:4326\", \"EPSG:3857\")),\n\t\t\t\t    name: \"<a href=\\\"https:\/\/travelvelo.lv\/en\/eiropa\/alandu-salas-otra-diena\/\\\">\u0100landu salas &#8211; otr\u0101 diena<\/a><br>\"\n\t\t\t\t  });\n\t\t\t\t  vectorMarkerSource.addFeature(iconFeature1);\n\t\t\t   \n\t\t\t\t  var iconFeature2 = new ol.Feature({\n\t\t\t\t    geometry: new ol.geom.Point(\n\t\t\t\t    ol.proj.transform([19.9974,60.0212], \"EPSG:4326\", \"EPSG:3857\")),\n\t\t\t\t    name: \"<a href=\\\"https:\/\/travelvelo.lv\/en\/eiropa\/alandu-salas-tresa-diena\/\\\">\u0100landu salas &#8211; tre\u0161\u0101 diena<\/a><br>\"\n\t\t\t\t  });\n\t\t\t\t  vectorMarkerSource.addFeature(iconFeature2);\n\t\t\t   \n\t\t\t\t  var iconFeature3 = new ol.Feature({\n\t\t\t\t    geometry: new ol.geom.Point(\n\t\t\t\t    ol.proj.transform([25.6442,56.8985], \"EPSG:4326\", \"EPSG:3857\")),\n\t\t\t\t    name: \"<a href=\\\"https:\/\/travelvelo.lv\/en\/latvija\/ergli-jumurda-vestiena-ergli\/\\\">\u0112rg\u013ci &#8211; Jumurda &#8211; Vestiena &#8211; \u0112rg\u013ci<\/a><br>\"\n\t\t\t\t  });\n\t\t\t\t  vectorMarkerSource.addFeature(iconFeature3);\n\t\t\t   \n\t\t\t\t  var iconFeature4 = new ol.Feature({\n\t\t\t\t    geometry: new ol.geom.Point(\n\t\t\t\t    ol.proj.transform([24.1781,56.4031], \"EPSG:4326\", \"EPSG:3857\")),\n\t\t\t\t    name: \"<a href=\\\"https:\/\/travelvelo.lv\/en\/latvija\/bauskas-apkartnes-pilis-un-muizas\/\\\">Bauskas apk\u0101rtnes pilis un mui\u017eas<\/a><br>\"\n\t\t\t\t  });\n\t\t\t\t  vectorMarkerSource.addFeature(iconFeature4);\n\t\t\t   \n\t\t\t\t  var iconFeature5 = new ol.Feature({\n\t\t\t\t    geometry: new ol.geom.Point(\n\t\t\t\t    ol.proj.transform([22.5733,57.6522], \"EPSG:4326\", \"EPSG:3857\")),\n\t\t\t\t    name: \"<a href=\\\"https:\/\/travelvelo.lv\/en\/latvija\/no-melnsila-uz-kolkasragu-gar-piejuras-ciemiem\/\\\">No Melnsila uz Kolkasragu gar piej\u016bras ciemiem<\/a><br>\"\n\t\t\t\t  });\n\t\t\t\t  vectorMarkerSource.addFeature(iconFeature5);\n\t\t\t   \n\t\t\t\t  var iconFeature6 = new ol.Feature({\n\t\t\t\t    geometry: new ol.geom.Point(\n\t\t\t\t    ol.proj.transform([27.2617,56.3593], \"EPSG:4326\", \"EPSG:3857\")),\n\t\t\t\t    name: \"<a href=\\\"https:\/\/travelvelo.lv\/en\/latvija\/apkart-raznas-ezeram\/\\\">Apk\u0101rt R\u0101znas ezeram<\/a><br>\"\n\t\t\t\t  });\n\t\t\t\t  vectorMarkerSource.addFeature(iconFeature6);\n\t\t\t   \n\t\t\t\t  var iconFeature7 = new ol.Feature({\n\t\t\t\t    geometry: new ol.geom.Point(\n\t\t\t\t    ol.proj.transform([21.0294,56.1524], \"EPSG:4326\", \"EPSG:3857\")),\n\t\t\t\t    name: \"<a href=\\\"https:\/\/travelvelo.lv\/en\/latvija\/apkart-papes-ezeram\/\\\">Apk\u0101rt Papes ezeram<\/a><br>\"\n\t\t\t\t  });\n\t\t\t\t  vectorMarkerSource.addFeature(iconFeature7);\n\t\t\t   \n\t\t\t\t  var iconFeature8 = new ol.Feature({\n\t\t\t\t    geometry: new ol.geom.Point(\n\t\t\t\t    ol.proj.transform([21.0067,56.5511], \"EPSG:4326\", \"EPSG:3857\")),\n\t\t\t\t    name: \"<a href=\\\"https:\/\/travelvelo.lv\/en\/latvija\/liepajas-karosta\/\\\">Liep\u0101jas Karosta<\/a><br>\"\n\t\t\t\t  });\n\t\t\t\t  vectorMarkerSource.addFeature(iconFeature8);\n\t\t\t   \n\t\t\t\t  var iconFeature9 = new ol.Feature({\n\t\t\t\t    geometry: new ol.geom.Point(\n\t\t\t\t    ol.proj.transform([24.3573,57.7513], \"EPSG:4326\", \"EPSG:3857\")),\n\t\t\t\t    name: \"<a href=\\\"https:\/\/travelvelo.lv\/en\/latvija\/no-salacgrivas-lidz-veczemju-klintim\/\\\">No Salacgr\u012bvas l\u012bdz Veczemju klint\u012bm<\/a><br>\"\n\t\t\t\t  });\n\t\t\t\t  vectorMarkerSource.addFeature(iconFeature9);\n\t\t\t   \n\t\t\t\t  var iconFeature10 = new ol.Feature({\n\t\t\t\t    geometry: new ol.geom.Point(\n\t\t\t\t    ol.proj.transform([26.3694,57.1908], \"EPSG:4326\", \"EPSG:3857\")),\n\t\t\t\t    name: \"<a href=\\\"https:\/\/travelvelo.lv\/en\/latvija\/lizums-druviena-tirza-galgauska-velena\/\\\">Lizums &#8211; Druviena &#8211; Tirza &#8211; Galgauska &#8211; Vel\u0113na<\/a><br>\"\n\t\t\t\t  });\n\t\t\t\t  vectorMarkerSource.addFeature(iconFeature10);\n\t\t\t   \n\t\t\t\t  var iconFeature11 = new ol.Feature({\n\t\t\t\t    geometry: new ol.geom.Point(\n\t\t\t\t    ol.proj.transform([23.5128,57.0009], \"EPSG:4326\", \"EPSG:3857\")),\n\t\t\t\t    name: \"<a href=\\\"https:\/\/travelvelo.lv\/en\/latvija\/kanieris\/\\\">Ka\u0146ieris<\/a><br>\"\n\t\t\t\t  });\n\t\t\t\t  vectorMarkerSource.addFeature(iconFeature11);\n\t\t\t   \n\t\t\t\t  var iconFeature12 = new ol.Feature({\n\t\t\t\t    geometry: new ol.geom.Point(\n\t\t\t\t    ol.proj.transform([24.8095,57.0268], \"EPSG:4326\", \"EPSG:3857\")),\n\t\t\t\t    name: \"<a href=\\\"https:\/\/travelvelo.lv\/en\/latvija\/allazmuiza-allazi-malpils\/\\\">Alla\u017emui\u017ea &#8211; Alla\u017ei &#8211; M\u0101lpils<\/a><br>\"\n\t\t\t\t  });\n\t\t\t\t  vectorMarkerSource.addFeature(iconFeature12);\n\t\t\t   \n\t\t\t\t  var iconFeature13 = new ol.Feature({\n\t\t\t\t    geometry: new ol.geom.Point(\n\t\t\t\t    ol.proj.transform([25.2605,57.4669], \"EPSG:4326\", \"EPSG:3857\")),\n\t\t\t\t    name: \"<a href=\\\"https:\/\/travelvelo.lv\/en\/latvija\/apkart-vaidavas-ezeram-lidz-sietiniezim\/\\\">Apk\u0101rt Vaidavas ezeram l\u012bdz Sieti\u0146iezim<\/a><br>\"\n\t\t\t\t  });\n\t\t\t\t  vectorMarkerSource.addFeature(iconFeature13);\n\t\t\t   \n\t\t\t\t  var iconFeature14 = new ol.Feature({\n\t\t\t\t    geometry: new ol.geom.Point(\n\t\t\t\t    ol.proj.transform([21.9102,60.1929], \"EPSG:4326\", \"EPSG:3857\")),\n\t\t\t\t    name: \"<a href=\\\"https:\/\/travelvelo.lv\/en\/eiropa\/turku-arhipelaga-cels-nagu-mossala\/\\\">Turku arhipel\u0101ga ce\u013c\u0161 (Nagu &#8211; Mossala)<\/a><br>\"\n\t\t\t\t  });\n\t\t\t\t  vectorMarkerSource.addFeature(iconFeature14);\n\t\t\t   \n\t\t\t\t  var iconFeature15 = new ol.Feature({\n\t\t\t\t    geometry: new ol.geom.Point(\n\t\t\t\t    ol.proj.transform([24.1370,56.9348], \"EPSG:4326\", \"EPSG:3857\")),\n\t\t\t\t    name: \"<a href=\\\"https:\/\/travelvelo.lv\/en\/latvija\/centrs-kengarags-rumbula-darzini\/\\\">R\u012bgas centrs &#8211; \u0136engarags &#8211; Rumbula &#8211; D\u0101rzi\u0146i<\/a><br>\"\n\t\t\t\t  });\n\t\t\t\t  vectorMarkerSource.addFeature(iconFeature15);\n\t\t\t   \n\t\t\t\t  var iconFeature16 = new ol.Feature({\n\t\t\t\t    geometry: new ol.geom.Point(\n\t\t\t\t    ol.proj.transform([21.9684,60.1308], \"EPSG:4326\", \"EPSG:3857\")),\n\t\t\t\t    name: \"<a href=\\\"https:\/\/travelvelo.lv\/en\/eiropa\/turku-arhipelaga-cels-nagu-apkartne\/\\\">Turku arhipel\u0101ga ce\u013c\u0161 (Nagu apk\u0101rtne)<\/a><br>\"\n\t\t\t\t  });\n\t\t\t\t  vectorMarkerSource.addFeature(iconFeature16);\n\t\t\t   \n\t\t\t\t  var iconFeature17 = new ol.Feature({\n\t\t\t\t    geometry: new ol.geom.Point(\n\t\t\t\t    ol.proj.transform([22.0556,57.9113], \"EPSG:4326\", \"EPSG:3857\")),\n\t\t\t\t    name: \"<a href=\\\"https:\/\/travelvelo.lv\/en\/eiropa\/redzet-kolkas-ragu-no-sarema-salas\/\\\">Redz\u0113t Kolkas ragu no S\u0101rem\u0101 salas<\/a><br>\"\n\t\t\t\t  });\n\t\t\t\t  vectorMarkerSource.addFeature(iconFeature17);\n\t\t\t   \n\t\t\t\t  var iconFeature18 = new ol.Feature({\n\t\t\t\t    geometry: new ol.geom.Point(\n\t\t\t\t    ol.proj.transform([23.3921,56.4768], \"EPSG:4326\", \"EPSG:3857\")),\n\t\t\t\t    name: \"<a href=\\\"https:\/\/travelvelo.lv\/en\/latvija\/tervetes-apkartnes-muizas\/\\\">T\u0113rvetes apk\u0101rtnes mui\u017eas<\/a><br>\"\n\t\t\t\t  });\n\t\t\t\t  vectorMarkerSource.addFeature(iconFeature18);\n\t\t\t   \n\t\t\t\t  var iconFeature19 = new ol.Feature({\n\t\t\t\t    geometry: new ol.geom.Point(\n\t\t\t\t    ol.proj.transform([23.2294,57.1613], \"EPSG:4326\", \"EPSG:3857\")),\n\t\t\t\t    name: \"<a href=\\\"https:\/\/travelvelo.lv\/en\/latvija\/apkart-engures-ezeram\/\\\">Apk\u0101rt Engures ezeram<\/a><br>\"\n\t\t\t\t  });\n\t\t\t\t  vectorMarkerSource.addFeature(iconFeature19);\n\t\t\t   vectorMarkerLayer = getVectorClusterLayer(\n                                            vectorMarkerSource,\n                                            [0,0,0, 0.5],\n                                            [0,0,0, 0.85],\n                                            \"https:\/\/travelvelo.lv\/wp-content\/plugins\/osm\/icons\/mic_black_pinother_02.png\",\n                                            -16,\n                                            -41);map_ol3js_1.addLayer(vectorMarkerLayer);addControls2Map(map_ol3js_1,0,0,3,0,5,6,7,0,1);\nosm_addClusterPopupClickhandler(map_ol3js_1,  \"map_ol3js_1\"); \nosm_addMouseHover(map_ol3js_1); <\/script>\n\n\n\n<p><\/p>","protected":false},"excerpt":{"rendered":"<p>Velomar\u0161rutu karte Latvij\u0101 un Eirop\u0101. Atrodi savu n\u0101kamo veloce\u013cojumu kart\u0113, vai apskati visus mar\u0161rutus Kurzem\u0113, Latgal\u0113, Vidzem\u0113 un Zemgal\u0113. Katram mar\u0161rutam pievienota lejupiel\u0101d\u0113jama vai Strava pievienojama karte, k\u0101 ar\u012b apraksts, foto un video.<\/p>","protected":false},"author":1,"featured_media":0,"parent":0,"menu_order":0,"comment_status":"closed","ping_status":"closed","template":"","meta":{"footnotes":""},"class_list":["post-83","page","type-page","status-publish","hentry"],"yoast_head":"<!-- This site is optimized with the Yoast SEO plugin v25.2 - https:\/\/yoast.com\/wordpress\/plugins\/seo\/ -->\n<title>Velomar\u0161rutu karte - TravelVelo.lv<\/title>\n<meta name=\"description\" content=\"Velomar\u0161rutu karte Latvij\u0101 un Eirop\u0101. Atrodi interesant\u0101kos mar\u0161rutus un apce\u013co Latviju ar velo - Kurzemi, Zemgali, Vidzemi un Latgali.\" \/>\n<meta name=\"robots\" content=\"index, follow, max-snippet:-1, max-image-preview:large, max-video-preview:-1\" \/>\n<link rel=\"canonical\" href=\"https:\/\/travelvelo.lv\/en\/karte\/\" \/>\n<meta property=\"og:locale\" content=\"en_US\" \/>\n<meta property=\"og:type\" content=\"article\" \/>\n<meta property=\"og:title\" content=\"Velomar\u0161rutu karte - TravelVelo.lv\" \/>\n<meta property=\"og:description\" content=\"Velomar\u0161rutu karte Latvij\u0101 un Eirop\u0101. Atrodi interesant\u0101kos mar\u0161rutus un apce\u013co Latviju ar velo - Kurzemi, Zemgali, Vidzemi un Latgali.\" \/>\n<meta property=\"og:url\" content=\"https:\/\/travelvelo.lv\/en\/karte\/\" \/>\n<meta property=\"og:site_name\" content=\"TravelVelo.lv\" \/>\n<meta property=\"article:modified_time\" content=\"2022-02-06T21:40:37+00:00\" \/>\n<meta name=\"twitter:card\" content=\"summary_large_image\" \/>\n<meta name=\"twitter:label1\" content=\"Est. reading time\" \/>\n\t<meta name=\"twitter:data1\" content=\"1 minute\" \/>\n<script type=\"application\/ld+json\" class=\"yoast-schema-graph\">{\"@context\":\"https:\/\/schema.org\",\"@graph\":[{\"@type\":\"WebPage\",\"@id\":\"https:\/\/travelvelo.lv\/karte\/\",\"url\":\"https:\/\/travelvelo.lv\/karte\/\",\"name\":\"Velomar\u0161rutu karte - TravelVelo.lv\",\"isPartOf\":{\"@id\":\"https:\/\/travelvelo.lv\/#website\"},\"datePublished\":\"2021-10-26T20:51:37+00:00\",\"dateModified\":\"2022-02-06T21:40:37+00:00\",\"description\":\"Velomar\u0161rutu karte Latvij\u0101 un Eirop\u0101. Atrodi interesant\u0101kos mar\u0161rutus un apce\u013co Latviju ar velo - Kurzemi, Zemgali, Vidzemi un Latgali.\",\"breadcrumb\":{\"@id\":\"https:\/\/travelvelo.lv\/karte\/#breadcrumb\"},\"inLanguage\":\"en-US\",\"potentialAction\":[{\"@type\":\"ReadAction\",\"target\":[\"https:\/\/travelvelo.lv\/karte\/\"]}]},{\"@type\":\"BreadcrumbList\",\"@id\":\"https:\/\/travelvelo.lv\/karte\/#breadcrumb\",\"itemListElement\":[{\"@type\":\"ListItem\",\"position\":1,\"name\":\"Home\",\"item\":\"https:\/\/travelvelo.lv\/\"},{\"@type\":\"ListItem\",\"position\":2,\"name\":\"Karte\"}]},{\"@type\":\"WebSite\",\"@id\":\"https:\/\/travelvelo.lv\/#website\",\"url\":\"https:\/\/travelvelo.lv\/\",\"name\":\"TravelVelo.lv\",\"description\":\"veloce\u013cojumi Latvij\u0101 un Eirop\u0101\",\"potentialAction\":[{\"@type\":\"SearchAction\",\"target\":{\"@type\":\"EntryPoint\",\"urlTemplate\":\"https:\/\/travelvelo.lv\/?s={search_term_string}\"},\"query-input\":{\"@type\":\"PropertyValueSpecification\",\"valueRequired\":true,\"valueName\":\"search_term_string\"}}],\"inLanguage\":\"en-US\"}]}<\/script>\n<!-- \/ Yoast SEO plugin. -->","yoast_head_json":{"title":"Velomar\u0161rutu karte - TravelVelo.lv","description":"Velomar\u0161rutu karte Latvij\u0101 un Eirop\u0101. Atrodi interesant\u0101kos mar\u0161rutus un apce\u013co Latviju ar velo - Kurzemi, Zemgali, Vidzemi un Latgali.","robots":{"index":"index","follow":"follow","max-snippet":"max-snippet:-1","max-image-preview":"max-image-preview:large","max-video-preview":"max-video-preview:-1"},"canonical":"https:\/\/travelvelo.lv\/en\/karte\/","og_locale":"en_US","og_type":"article","og_title":"Velomar\u0161rutu karte - TravelVelo.lv","og_description":"Velomar\u0161rutu karte Latvij\u0101 un Eirop\u0101. Atrodi interesant\u0101kos mar\u0161rutus un apce\u013co Latviju ar velo - Kurzemi, Zemgali, Vidzemi un Latgali.","og_url":"https:\/\/travelvelo.lv\/en\/karte\/","og_site_name":"TravelVelo.lv","article_modified_time":"2022-02-06T21:40:37+00:00","twitter_card":"summary_large_image","twitter_misc":{"Est. reading time":"1 minute"},"schema":{"@context":"https:\/\/schema.org","@graph":[{"@type":"WebPage","@id":"https:\/\/travelvelo.lv\/karte\/","url":"https:\/\/travelvelo.lv\/karte\/","name":"Velomar\u0161rutu karte - TravelVelo.lv","isPartOf":{"@id":"https:\/\/travelvelo.lv\/#website"},"datePublished":"2021-10-26T20:51:37+00:00","dateModified":"2022-02-06T21:40:37+00:00","description":"Velomar\u0161rutu karte Latvij\u0101 un Eirop\u0101. Atrodi interesant\u0101kos mar\u0161rutus un apce\u013co Latviju ar velo - Kurzemi, Zemgali, Vidzemi un Latgali.","breadcrumb":{"@id":"https:\/\/travelvelo.lv\/karte\/#breadcrumb"},"inLanguage":"en-US","potentialAction":[{"@type":"ReadAction","target":["https:\/\/travelvelo.lv\/karte\/"]}]},{"@type":"BreadcrumbList","@id":"https:\/\/travelvelo.lv\/karte\/#breadcrumb","itemListElement":[{"@type":"ListItem","position":1,"name":"Home","item":"https:\/\/travelvelo.lv\/"},{"@type":"ListItem","position":2,"name":"Karte"}]},{"@type":"WebSite","@id":"https:\/\/travelvelo.lv\/#website","url":"https:\/\/travelvelo.lv\/","name":"TravelVelo.lv","description":"veloce\u013cojumi Latvij\u0101 un Eirop\u0101","potentialAction":[{"@type":"SearchAction","target":{"@type":"EntryPoint","urlTemplate":"https:\/\/travelvelo.lv\/?s={search_term_string}"},"query-input":{"@type":"PropertyValueSpecification","valueRequired":true,"valueName":"search_term_string"}}],"inLanguage":"en-US"}]}},"_links":{"self":[{"href":"https:\/\/travelvelo.lv\/en\/wp-json\/wp\/v2\/pages\/83","targetHints":{"allow":["GET"]}}],"collection":[{"href":"https:\/\/travelvelo.lv\/en\/wp-json\/wp\/v2\/pages"}],"about":[{"href":"https:\/\/travelvelo.lv\/en\/wp-json\/wp\/v2\/types\/page"}],"author":[{"embeddable":true,"href":"https:\/\/travelvelo.lv\/en\/wp-json\/wp\/v2\/users\/1"}],"replies":[{"embeddable":true,"href":"https:\/\/travelvelo.lv\/en\/wp-json\/wp\/v2\/comments?post=83"}],"version-history":[{"count":15,"href":"https:\/\/travelvelo.lv\/en\/wp-json\/wp\/v2\/pages\/83\/revisions"}],"predecessor-version":[{"id":331,"href":"https:\/\/travelvelo.lv\/en\/wp-json\/wp\/v2\/pages\/83\/revisions\/331"}],"wp:attachment":[{"href":"https:\/\/travelvelo.lv\/en\/wp-json\/wp\/v2\/media?parent=83"}],"curies":[{"name":"wp","href":"https:\/\/api.w.org\/{rel}","templated":true}]}}