{"id":79,"date":"2021-10-26T23:23:02","date_gmt":"2021-10-26T20:23:02","guid":{"rendered":"https:\/\/travelvelo.lv\/?page_id=79"},"modified":"2022-02-02T00:03:44","modified_gmt":"2022-02-01T21:03:44","slug":"par-mums","status":"publish","type":"page","link":"https:\/\/travelvelo.lv\/en\/par-mums\/","title":{"rendered":"Par TravelVelo.lv"},"content":{"rendered":"<p>TravelVelo.lv ir <a href=\"https:\/\/travelvelo.lv\/en\/latvija\/\">Latvijas<\/a> un <a href=\"https:\/\/travelvelo.lv\/en\/eiropa\/\">Eiropas<\/a> veloce\u013cojumu mar\u0161rutu pieraksti aprakstos, foto un video.<\/p>\n\n\n\n<p>Katram mar\u0161rutam pievienota lejupiel\u0101d\u0113jama vai <a href=\"https:\/\/www.strava.com\">Strava<\/a> pievienojama karte.<\/p>\n\n\n\n<p>Liel\u0101k\u0101 da\u013ca no veloce\u013cojumiem Latvij\u0101 ir veicami vien\u0101 dien\u0101 &#8211; aizbraukt ar auto l\u012bdz s\u0101kuma punktam, izbraukt ap\u013cveida mar\u0161rutu, pa\u0113st k\u0101d\u0101 viet\u0113j\u0101 \u0113stuv\u0113 un vakar\u0101 nok\u013c\u016bt m\u0101j\u0101s.<\/p>\n\n\n\n<p>Vairums braucienu veicami ar jebkura tipa velosip\u0113du, un nav nepiecie\u0161ama speci\u0101la fizisk\u0101 sagatavot\u012bba. Atsevi\u0161\u0137os gad\u012bjumos mar\u0161ruta izbrauk\u0161anai piem\u0113rot\u0101ks b\u016bs MTB velosip\u0113ds, par to noteikti b\u016bs nor\u0101de mar\u0161ruta aprakst\u0101.<\/p>\n\n\n\n<p>Travelvelo.lv mar\u0161ruti izbraukti ar <a href=\"https:\/\/www.trek.com\">Trek<\/a> un <a href=\"https:\/\/superiorbikes.com\/lv\">Superior<\/a> MTB velosip\u0113diem.<br>J\u0101nis&amp;Gunta<\/p>\n\n\n\n<p>Epasts: janisz@gmail.com<br>Instagram <a href=\"https:\/\/www.instagram.com\/travelvelo.lv\">@travelvelo.lv<\/a><\/p>","protected":false},"excerpt":{"rendered":"<p>TravelVelo.lv ir Latvijas un Eiropas veloce\u013cojumu mar\u0161rutu pieraksti aprakstos, foto un video. Katram mar\u0161rutam pievienota lejupiel\u0101d\u0113jama vai Strava pievienojama karte. Liel\u0101k\u0101 da\u013ca no veloce\u013cojumiem Latvij\u0101 ir veicami vien\u0101 dien\u0101 &#8211; aizbraukt ar auto l\u012bdz s\u0101kuma punktam, izbraukt ap\u013cveida mar\u0161rutu, pa\u0113st &hellip; <\/p>","protected":false},"author":1,"featured_media":0,"parent":0,"menu_order":0,"comment_status":"closed","ping_status":"closed","template":"","meta":{"footnotes":""},"class_list":["post-79","page","type-page","status-publish","hentry"],"yoast_head":"<!-- This site is optimized with the Yoast SEO plugin v25.2 - https:\/\/yoast.com\/wordpress\/plugins\/seo\/ -->\n<title>TravelVelo.lv - veloce\u013cojumi Latvij\u0101 un Eirop\u0101<\/title>\n<meta name=\"description\" content=\"TravelVelo.lv ir veloce\u013cojumu mar\u0161rutu pieraksti aprakstos, foto un video. Mar\u0161rutiem pievienota lejupiel\u0101d\u0113jama vai Strava pievienojama karte.\" \/>\n<meta name=\"robots\" content=\"index, follow, max-snippet:-1, max-image-preview:large, max-video-preview:-1\" \/>\n<link rel=\"canonical\" href=\"https:\/\/travelvelo.lv\/en\/par-mums\/\" \/>\n<meta property=\"og:locale\" content=\"en_US\" \/>\n<meta property=\"og:type\" content=\"article\" \/>\n<meta property=\"og:title\" content=\"TravelVelo.lv - veloce\u013cojumi Latvij\u0101 un Eirop\u0101\" \/>\n<meta property=\"og:description\" content=\"TravelVelo.lv ir veloce\u013cojumu mar\u0161rutu pieraksti aprakstos, foto un video. Mar\u0161rutiem pievienota lejupiel\u0101d\u0113jama vai Strava pievienojama karte.\" \/>\n<meta property=\"og:url\" content=\"https:\/\/travelvelo.lv\/en\/par-mums\/\" \/>\n<meta property=\"og:site_name\" content=\"TravelVelo.lv\" \/>\n<meta property=\"article:modified_time\" content=\"2022-02-01T21:03:44+00:00\" \/>\n<meta name=\"twitter:card\" content=\"summary_large_image\" \/>\n<meta name=\"twitter:label1\" content=\"Est. reading time\" \/>\n\t<meta name=\"twitter:data1\" content=\"1 minute\" \/>\n<script type=\"application\/ld+json\" class=\"yoast-schema-graph\">{\"@context\":\"https:\/\/schema.org\",\"@graph\":[{\"@type\":\"WebPage\",\"@id\":\"https:\/\/travelvelo.lv\/par-mums\/\",\"url\":\"https:\/\/travelvelo.lv\/par-mums\/\",\"name\":\"TravelVelo.lv - veloce\u013cojumi Latvij\u0101 un Eirop\u0101\",\"isPartOf\":{\"@id\":\"https:\/\/travelvelo.lv\/#website\"},\"datePublished\":\"2021-10-26T20:23:02+00:00\",\"dateModified\":\"2022-02-01T21:03:44+00:00\",\"description\":\"TravelVelo.lv ir veloce\u013cojumu mar\u0161rutu pieraksti aprakstos, foto un video. Mar\u0161rutiem pievienota lejupiel\u0101d\u0113jama vai Strava pievienojama karte.\",\"breadcrumb\":{\"@id\":\"https:\/\/travelvelo.lv\/par-mums\/#breadcrumb\"},\"inLanguage\":\"en-US\",\"potentialAction\":[{\"@type\":\"ReadAction\",\"target\":[\"https:\/\/travelvelo.lv\/par-mums\/\"]}]},{\"@type\":\"BreadcrumbList\",\"@id\":\"https:\/\/travelvelo.lv\/par-mums\/#breadcrumb\",\"itemListElement\":[{\"@type\":\"ListItem\",\"position\":1,\"name\":\"Home\",\"item\":\"https:\/\/travelvelo.lv\/\"},{\"@type\":\"ListItem\",\"position\":2,\"name\":\"Par TravelVelo.lv\"}]},{\"@type\":\"WebSite\",\"@id\":\"https:\/\/travelvelo.lv\/#website\",\"url\":\"https:\/\/travelvelo.lv\/\",\"name\":\"TravelVelo.lv\",\"description\":\"veloce\u013cojumi Latvij\u0101 un Eirop\u0101\",\"potentialAction\":[{\"@type\":\"SearchAction\",\"target\":{\"@type\":\"EntryPoint\",\"urlTemplate\":\"https:\/\/travelvelo.lv\/?s={search_term_string}\"},\"query-input\":{\"@type\":\"PropertyValueSpecification\",\"valueRequired\":true,\"valueName\":\"search_term_string\"}}],\"inLanguage\":\"en-US\"}]}<\/script>\n<!-- \/ Yoast SEO plugin. -->","yoast_head_json":{"title":"TravelVelo.lv - veloce\u013cojumi Latvij\u0101 un Eirop\u0101","description":"TravelVelo.lv ir veloce\u013cojumu mar\u0161rutu pieraksti aprakstos, foto un video. Mar\u0161rutiem pievienota lejupiel\u0101d\u0113jama vai Strava pievienojama karte.","robots":{"index":"index","follow":"follow","max-snippet":"max-snippet:-1","max-image-preview":"max-image-preview:large","max-video-preview":"max-video-preview:-1"},"canonical":"https:\/\/travelvelo.lv\/en\/par-mums\/","og_locale":"en_US","og_type":"article","og_title":"TravelVelo.lv - veloce\u013cojumi Latvij\u0101 un Eirop\u0101","og_description":"TravelVelo.lv ir veloce\u013cojumu mar\u0161rutu pieraksti aprakstos, foto un video. Mar\u0161rutiem pievienota lejupiel\u0101d\u0113jama vai Strava pievienojama karte.","og_url":"https:\/\/travelvelo.lv\/en\/par-mums\/","og_site_name":"TravelVelo.lv","article_modified_time":"2022-02-01T21:03:44+00:00","twitter_card":"summary_large_image","twitter_misc":{"Est. reading time":"1 minute"},"schema":{"@context":"https:\/\/schema.org","@graph":[{"@type":"WebPage","@id":"https:\/\/travelvelo.lv\/par-mums\/","url":"https:\/\/travelvelo.lv\/par-mums\/","name":"TravelVelo.lv - veloce\u013cojumi Latvij\u0101 un Eirop\u0101","isPartOf":{"@id":"https:\/\/travelvelo.lv\/#website"},"datePublished":"2021-10-26T20:23:02+00:00","dateModified":"2022-02-01T21:03:44+00:00","description":"TravelVelo.lv ir veloce\u013cojumu mar\u0161rutu pieraksti aprakstos, foto un video. Mar\u0161rutiem pievienota lejupiel\u0101d\u0113jama vai Strava pievienojama karte.","breadcrumb":{"@id":"https:\/\/travelvelo.lv\/par-mums\/#breadcrumb"},"inLanguage":"en-US","potentialAction":[{"@type":"ReadAction","target":["https:\/\/travelvelo.lv\/par-mums\/"]}]},{"@type":"BreadcrumbList","@id":"https:\/\/travelvelo.lv\/par-mums\/#breadcrumb","itemListElement":[{"@type":"ListItem","position":1,"name":"Home","item":"https:\/\/travelvelo.lv\/"},{"@type":"ListItem","position":2,"name":"Par TravelVelo.lv"}]},{"@type":"WebSite","@id":"https:\/\/travelvelo.lv\/#website","url":"https:\/\/travelvelo.lv\/","name":"TravelVelo.lv","description":"veloce\u013cojumi Latvij\u0101 un Eirop\u0101","potentialAction":[{"@type":"SearchAction","target":{"@type":"EntryPoint","urlTemplate":"https:\/\/travelvelo.lv\/?s={search_term_string}"},"query-input":{"@type":"PropertyValueSpecification","valueRequired":true,"valueName":"search_term_string"}}],"inLanguage":"en-US"}]}},"_links":{"self":[{"href":"https:\/\/travelvelo.lv\/en\/wp-json\/wp\/v2\/pages\/79","targetHints":{"allow":["GET"]}}],"collection":[{"href":"https:\/\/travelvelo.lv\/en\/wp-json\/wp\/v2\/pages"}],"about":[{"href":"https:\/\/travelvelo.lv\/en\/wp-json\/wp\/v2\/types\/page"}],"author":[{"embeddable":true,"href":"https:\/\/travelvelo.lv\/en\/wp-json\/wp\/v2\/users\/1"}],"replies":[{"embeddable":true,"href":"https:\/\/travelvelo.lv\/en\/wp-json\/wp\/v2\/comments?post=79"}],"version-history":[{"count":8,"href":"https:\/\/travelvelo.lv\/en\/wp-json\/wp\/v2\/pages\/79\/revisions"}],"predecessor-version":[{"id":289,"href":"https:\/\/travelvelo.lv\/en\/wp-json\/wp\/v2\/pages\/79\/revisions\/289"}],"wp:attachment":[{"href":"https:\/\/travelvelo.lv\/en\/wp-json\/wp\/v2\/media?parent=79"}],"curies":[{"name":"wp","href":"https:\/\/api.w.org\/{rel}","templated":true}]}}